{"id":731,"date":"2022-11-30T10:43:14","date_gmt":"2022-11-30T09:43:14","guid":{"rendered":"https:\/\/www.payncharge.se\/?page_id=731"},"modified":"2022-11-30T10:52:35","modified_gmt":"2022-11-30T09:52:35","slug":"cookiepolitik","status":"publish","type":"page","link":"https:\/\/www.payncharge.se\/da\/cookie-policy\/","title":{"rendered":"Cookie-politik"},"content":{"rendered":"<div data-elementor-type=\"wp-page\" data-elementor-id=\"731\" class=\"elementor elementor-731\" data-elementor-post-type=\"page\">\n\t\t\t\t\t\t<section class=\"elementor-section elementor-top-section elementor-element elementor-element-28afe2c elementor-section-full_width elementor-section-height-min-height elementor-section-height-default elementor-section-items-middle\" data-id=\"28afe2c\" data-element_type=\"section\" data-e-type=\"section\" data-settings=\"{&quot;background_background&quot;:&quot;classic&quot;}\">\n\t\t\t\t\t\t\t<div class=\"elementor-background-overlay\"><\/div>\n\t\t\t\t\t\t\t<div class=\"elementor-container elementor-column-gap-default\">\n\t\t\t\t\t<div class=\"elementor-column elementor-col-100 elementor-top-column elementor-element elementor-element-0811155\" data-id=\"0811155\" data-element_type=\"column\" data-e-type=\"column\">\n\t\t\t<div class=\"elementor-widget-wrap elementor-element-populated\">\n\t\t\t\t\t\t<section class=\"elementor-section elementor-inner-section elementor-element elementor-element-b26e272 elementor-section-boxed elementor-section-height-default elementor-section-height-default\" data-id=\"b26e272\" data-element_type=\"section\" data-e-type=\"section\">\n\t\t\t\t\t\t<div class=\"elementor-container elementor-column-gap-default\">\n\t\t\t\t\t<div class=\"elementor-column elementor-col-100 elementor-inner-column elementor-element elementor-element-651495b\" data-id=\"651495b\" data-element_type=\"column\" data-e-type=\"column\">\n\t\t\t<div class=\"elementor-widget-wrap elementor-element-populated\">\n\t\t\t\t\t\t<div class=\"elementor-element elementor-element-eccce8d elementor-widget elementor-widget-heading\" data-id=\"eccce8d\" data-element_type=\"widget\" data-e-type=\"widget\" data-widget_type=\"heading.default\">\n\t\t\t\t\t<h1 class=\"elementor-heading-title elementor-size-default\">Cookie-politik<\/h1>\t\t\t\t<\/div>\n\t\t\t\t\t<\/div>\n\t\t<\/div>\n\t\t\t\t\t<\/div>\n\t\t<\/section>\n\t\t\t\t\t<\/div>\n\t\t<\/div>\n\t\t\t\t\t<\/div>\n\t\t<\/section>\n\t\t\t\t<section class=\"elementor-section elementor-top-section elementor-element elementor-element-5416fb2 elementor-section-boxed elementor-section-height-default elementor-section-height-default\" data-id=\"5416fb2\" data-element_type=\"section\" data-e-type=\"section\">\n\t\t\t\t\t\t<div class=\"elementor-container elementor-column-gap-default\">\n\t\t\t\t\t<div class=\"elementor-column elementor-col-100 elementor-top-column elementor-element elementor-element-db6faf4\" data-id=\"db6faf4\" data-element_type=\"column\" data-e-type=\"column\">\n\t\t\t<div class=\"elementor-widget-wrap elementor-element-populated\">\n\t\t\t\t\t\t<div class=\"elementor-element elementor-element-3c2f3c2 elementor-widget elementor-widget-heading\" data-id=\"3c2f3c2\" data-element_type=\"widget\" data-e-type=\"widget\" data-widget_type=\"heading.default\">\n\t\t\t\t\t<h2 class=\"elementor-heading-title elementor-size-default\">Cookiepolitik for Pay N Charge<\/h2>\t\t\t\t<\/div>\n\t\t\t\t<div class=\"elementor-element elementor-element-7aee545 elementor-widget elementor-widget-heading\" data-id=\"7aee545\" data-element_type=\"widget\" data-e-type=\"widget\" data-widget_type=\"heading.default\">\n\t\t\t\t\t<h3 class=\"elementor-heading-title elementor-size-default\">Hvad er cookies?<\/h3>\t\t\t\t<\/div>\n\t\t\t\t<div class=\"elementor-element elementor-element-deb9267 elementor-widget elementor-widget-text-editor\" data-id=\"deb9267\" data-element_type=\"widget\" data-e-type=\"widget\" data-widget_type=\"text-editor.default\">\n\t\t\t\t\t\t\t\t\t<p><span data-contrast=\"none\">Som det er tilf\u00e6ldet med n\u00e6sten alle professionelle websteder, bruger dette websted \"cookies\". Cookies, cookies eller web beacons<\/span><span data-contrast=\"none\"> er sm\u00e5 filer, der downloades til din computer for at forbedre din oplevelse<\/span><span data-contrast=\"none\"> p\u00e5 hjemmesiden. Denne side beskriver, hvilke oplysninger de indsamler, hvordan vi bruger dem, og hvorfor vi nogle gange er n\u00f8dt til at gemme disse cookies. Vi forklarer ogs\u00e5, hvordan du kan forhindre disse cookies i at blive gemt, men det kan nedgradere eller \"\u00f8del\u00e6gge\" nogle elementer af hjemmesidens funktionalitet. Du kan l\u00e6se mere om, hvad cookies er, p\u00e5 <\/span><a href=\"https:\/\/sv.wikipedia.org\/wiki\/Webbkaka\" target=\"_blank\" rel=\"noopener\"><span data-contrast=\"none\">Wikiepedia<\/span><\/a><span data-contrast=\"none\">.<\/span><span data-ccp-props=\"{&quot;201341983&quot;:0,&quot;335559739&quot;:160,&quot;335559740&quot;:259}\">\u00a0<\/span><\/p>\t\t\t\t\t\t\t\t<\/div>\n\t\t\t\t<div class=\"elementor-element elementor-element-aec6f62 elementor-widget elementor-widget-heading\" data-id=\"aec6f62\" data-element_type=\"widget\" data-e-type=\"widget\" data-widget_type=\"heading.default\">\n\t\t\t\t\t<h3 class=\"elementor-heading-title elementor-size-default\">S\u00e5dan bruger vi cookies<\/h3>\t\t\t\t<\/div>\n\t\t\t\t<div class=\"elementor-element elementor-element-369d10f elementor-widget elementor-widget-text-editor\" data-id=\"369d10f\" data-element_type=\"widget\" data-e-type=\"widget\" data-widget_type=\"text-editor.default\">\n\t\t\t\t\t\t\t\t\t<p><span class=\"TextRun SCXW236066246 BCX0\" lang=\"SV-SE\" xml:lang=\"SV-SE\" data-contrast=\"none\"><span class=\"NormalTextRun SCXW236066246 BCX0\">Vi bruger cookies af forskellige \u00e5rsager, som er beskrevet nedenfor. Desv\u00e6rre er der i de fleste tilf\u00e6lde ingen industristandardmuligheder for at deaktivere cookies uden helt at deaktivere den funktionalitet og de funktioner, de tilf\u00f8jer til dette websted. Det anbefales, at du lader alle cookies <\/span><span class=\"NormalTextRun SCXW236066246 BCX0\">p\u00e5 <\/span><span class=\"NormalTextRun SCXW236066246 BCX0\">hvis du er usikker<\/span> <span class=\"NormalTextRun SCXW236066246 BCX0\">uanset om du har brug for dem til at levere en tjeneste, du bruger, eller ej.<\/span><\/span><span class=\"EOP SCXW236066246 BCX0\" data-ccp-props=\"{&quot;201341983&quot;:0,&quot;335559739&quot;:160,&quot;335559740&quot;:259}\">\u00a0<\/span><\/p>\t\t\t\t\t\t\t\t<\/div>\n\t\t\t\t<div class=\"elementor-element elementor-element-d9716f1 elementor-widget elementor-widget-heading\" data-id=\"d9716f1\" data-element_type=\"widget\" data-e-type=\"widget\" data-widget_type=\"heading.default\">\n\t\t\t\t\t<h3 class=\"elementor-heading-title elementor-size-default\">Inaktive cookies<\/h3>\t\t\t\t<\/div>\n\t\t\t\t<div class=\"elementor-element elementor-element-90eae74 elementor-widget elementor-widget-text-editor\" data-id=\"90eae74\" data-element_type=\"widget\" data-e-type=\"widget\" data-widget_type=\"text-editor.default\">\n\t\t\t\t\t\t\t\t\t<p><span class=\"TextRun SCXW218342677 BCX0\" lang=\"SV-SE\" xml:lang=\"SV-SE\" data-contrast=\"none\"><span class=\"NormalTextRun SCXW218342677 BCX0\">Du kan forhindre indstillingen af cookies ved at justere indstillingerne i din browser (se hj\u00e6lpen til din browser for at finde ud af, hvordan du g\u00f8r det). V\u00e6r opm\u00e6rksom p\u00e5, at<\/span><span class=\"NormalTextRun SCXW218342677 BCX0\"> deaktivering<\/span><span class=\"NormalTextRun SCXW218342677 BCX0\"> af cookies vil p\u00e5virke funktionaliteten af denne og mange andre hjemmesider, som du bes\u00f8ger. Deaktivering af cookies vil normalt resultere i, at nogle funktioner p\u00e5 denne <\/span><span class=\"NormalTextRun SCXW218342677 BCX0\">og andre <\/span><span class=\"NormalTextRun SCXW218342677 BCX0\">Hjemmeside<\/span><span class=\"NormalTextRun SCXW218342677 BCX0\">bliver nedgraderet eller aflyst<\/span> <span class=\"NormalTextRun SCXW218342677 BCX0\">Helt<\/span><span class=\"NormalTextRun SCXW218342677 BCX0\">.<\/span> <span class=\"NormalTextRun SCXW218342677 BCX0\">Derfor anbefales det, at du ikke sl\u00e5r cookies fra.\u00a0<\/span><\/span><span class=\"EOP SCXW218342677 BCX0\" data-ccp-props=\"{&quot;201341983&quot;:0,&quot;335559739&quot;:160,&quot;335559740&quot;:259}\">\u00a0<\/span><\/p>\t\t\t\t\t\t\t\t<\/div>\n\t\t\t\t<div class=\"elementor-element elementor-element-9d03e5e elementor-widget elementor-widget-heading\" data-id=\"9d03e5e\" data-element_type=\"widget\" data-e-type=\"widget\" data-widget_type=\"heading.default\">\n\t\t\t\t\t<h2 class=\"elementor-heading-title elementor-size-default\">Cookies, vi s\u00e6tter<\/h2>\t\t\t\t<\/div>\n\t\t\t\t<div class=\"elementor-element elementor-element-5df607f elementor-widget elementor-widget-text-editor\" data-id=\"5df607f\" data-element_type=\"widget\" data-e-type=\"widget\" data-widget_type=\"text-editor.default\">\n\t\t\t\t\t\t\t\t\t<p><b><span data-contrast=\"none\">Formularrelaterede cookies<\/span><\/b><span data-ccp-props=\"{&quot;201341983&quot;:0,&quot;335559739&quot;:160,&quot;335559740&quot;:259}\">\u00a0<\/span><\/p><p><span data-contrast=\"none\">N\u00e5r du indsender data via en formular, f.eks. p\u00e5 kontaktsider eller kommentarformularer, kan cookies indstilles til at huske dine brugeroplysninger til fremtidig korrespondance.<\/span><span data-ccp-props=\"{&quot;201341983&quot;:0,&quot;335559739&quot;:160,&quot;335559740&quot;:259}\">\u00a0<\/span><\/p><p><b><span data-contrast=\"none\">Tredjepartscookies<\/span><\/b><span data-ccp-props=\"{&quot;201341983&quot;:0,&quot;335559739&quot;:160,&quot;335559740&quot;:259}\">\u00a0<\/span><\/p><p><span data-contrast=\"none\">I nogle s\u00e6rlige tilf\u00e6lde bruger vi ogs\u00e5 cookies fra betroede tredjeparter. F\u00f8lgende afsnit beskriver, hvilke tredjepartscookies du kan st\u00f8de p\u00e5 via dette websted.<\/span><span data-ccp-props=\"{&quot;201341983&quot;:0,&quot;335559739&quot;:160,&quot;335559740&quot;:259}\">\u00a0<\/span><\/p><p><span data-contrast=\"none\">Dette websted bruger Google Analytics, som er en af de mest udbredte og p\u00e5lidelige analysel\u00f8sninger p\u00e5 nettet, til at hj\u00e6lpe os med at forst\u00e5, hvordan du bruger webstedet, og hvordan vi kan forbedre din oplevelse. Disse cookies kan spore ting som, hvor lang tid du bruger p\u00e5 webstedet, og hvilke sider du bes\u00f8ger, s\u00e5 vi kan forts\u00e6tte med at producere engagerende indhold.<\/span><span data-ccp-props=\"{&quot;201341983&quot;:0,&quot;335559739&quot;:160,&quot;335559740&quot;:259}\">\u00a0<\/span><\/p><p><span data-contrast=\"none\">Du kan f\u00e5 flere oplysninger om Google Analytics-cookies p\u00e5 den officielle Google Analytics-side.<\/span><span data-ccp-props=\"{&quot;201341983&quot;:0,&quot;335559739&quot;:160,&quot;335559740&quot;:259}\">\u00a0<\/span><\/p><p><span data-contrast=\"none\">Tredjepartsanalyser bruges til at spore og m\u00e5le brugen af dette websted, s\u00e5 vi kan forts\u00e6tte med at producere engagerende indhold. Disse cookies kan spore ting som, hvor lang tid du bruger p\u00e5 webstedet, eller hvilke sider du bes\u00f8ger, hvilket hj\u00e6lper os med at forst\u00e5, hvordan vi kan forbedre webstedet for dig.<\/span><span data-ccp-props=\"{&quot;201341983&quot;:0,&quot;335559739&quot;:160,&quot;335559740&quot;:259}\">\u00a0<\/span><\/p><p><span data-contrast=\"none\">N\u00e5r\/hvis vi s\u00e6lger produkter, er det vigtigt for os at forst\u00e5 statistikker om, hvor mange af de bes\u00f8gende p\u00e5 vores websted, der rent faktisk foretager et k\u00f8b, og det er derfor den type data, som disse cookies vil spore. Det er vigtigt for dig, da det betyder, at vi kan lave pr\u00e6cise forretningsforudsigelser, som giver os mulighed for at overv\u00e5ge vores reklame- og produktomkostninger for at sikre den bedst mulige pris.<\/span><span data-ccp-props=\"{&quot;201341983&quot;:0,&quot;335559739&quot;:160,&quot;335559740&quot;:259}\">\u00a0<\/span><\/p><p><b><span data-contrast=\"none\">Mere information<\/span><\/b><span data-ccp-props=\"{&quot;201341983&quot;:0,&quot;335559739&quot;:160,&quot;335559740&quot;:259}\">\u00a0<\/span><\/p><p><span data-contrast=\"none\">Forh\u00e5bentlig har dette afklaret tingene for dig, og som tidligere n\u00e6vnt<\/span><span data-contrast=\"none\">, er<\/span><span data-contrast=\"none\"> det er noget, du ikke er sikker p\u00e5, om du har brug for eller ej,<\/span><span data-contrast=\"none\"> det er normalt sikrere at lade cookies v\u00e6re aktiveret<\/span><span data-contrast=\"none\">. Men hvis du stadig er p\u00e5 udkig efter mere information, kan du kontakte os via en af vores foretrukne kontaktmetoder:<\/span><span data-ccp-props=\"{&quot;201341983&quot;:0,&quot;335559739&quot;:160,&quot;335559740&quot;:259}\">\u00a0<\/span><\/p><p><span data-contrast=\"none\">Ved at bes\u00f8ge dette link: <a href=\"https:\/\/www.payncharge.se\/da\/kontakt\/\">Kontakt os<\/a><\/span><\/p>\t\t\t\t\t\t\t\t<\/div>\n\t\t\t\t\t<\/div>\n\t\t<\/div>\n\t\t\t\t\t<\/div>\n\t\t<\/section>\n\t\t\t\t<\/div>","protected":false},"excerpt":{"rendered":"<p>Cookie Policy Cookiepolicy f\u00f6r Pay N Charge Vad \u00e4r Cookies? Som \u00e4r vanligt med n\u00e4stan alla professionella webbplatser anv\u00e4nder denna webbplats \u201ccookies\u201d. Cookies, kakor eller webbkakor \u00e4r sm\u00e5 filer som laddas ner till din dator f\u00f6r att f\u00f6rb\u00e4ttra din upplevelse p\u00e5 webbplatsen. Den h\u00e4r sidan beskriver vilken information de samlar in, hur vi anv\u00e4nder den [&hellip;]<\/p>\n","protected":false},"author":3,"featured_media":0,"parent":0,"menu_order":0,"comment_status":"closed","ping_status":"closed","template":"","meta":{"site-sidebar-layout":"no-sidebar","site-content-layout":"page-builder","ast-site-content-layout":"default","site-content-style":"default","site-sidebar-style":"default","ast-global-header-display":"","ast-banner-title-visibility":"","ast-main-header-display":"","ast-hfb-above-header-display":"","ast-hfb-below-header-display":"","ast-hfb-mobile-header-display":"","site-post-title":"disabled","ast-breadcrumbs-content":"","ast-featured-img":"disabled","footer-sml-layout":"","ast-disable-related-posts":"","theme-transparent-header-meta":"","adv-header-id-meta":"","stick-header-meta":"","header-above-stick-meta":"","header-main-stick-meta":"","header-below-stick-meta":"","astra-migrate-meta-layouts":"default","ast-page-background-enabled":"default","ast-page-background-meta":{"desktop":{"background-color":"var(--ast-global-color-4)","background-image":"","background-repeat":"repeat","background-position":"center center","background-size":"auto","background-attachment":"scroll","background-type":"","background-media":"","overlay-type":"","overlay-color":"","overlay-opacity":"","overlay-gradient":""},"tablet":{"background-color":"","background-image":"","background-repeat":"repeat","background-position":"center center","background-size":"auto","background-attachment":"scroll","background-type":"","background-media":"","overlay-type":"","overlay-color":"","overlay-opacity":"","overlay-gradient":""},"mobile":{"background-color":"","background-image":"","background-repeat":"repeat","background-position":"center center","background-size":"auto","background-attachment":"scroll","background-type":"","background-media":"","overlay-type":"","overlay-color":"","overlay-opacity":"","overlay-gradient":""}},"ast-content-background-meta":{"desktop":{"background-color":"var(--ast-global-color-5)","background-image":"","background-repeat":"repeat","background-position":"center center","background-size":"auto","background-attachment":"scroll","background-type":"","background-media":"","overlay-type":"","overlay-color":"","overlay-opacity":"","overlay-gradient":""},"tablet":{"background-color":"var(--ast-global-color-5)","background-image":"","background-repeat":"repeat","background-position":"center center","background-size":"auto","background-attachment":"scroll","background-type":"","background-media":"","overlay-type":"","overlay-color":"","overlay-opacity":"","overlay-gradient":""},"mobile":{"background-color":"var(--ast-global-color-5)","background-image":"","background-repeat":"repeat","background-position":"center center","background-size":"auto","background-attachment":"scroll","background-type":"","background-media":"","overlay-type":"","overlay-color":"","overlay-opacity":"","overlay-gradient":""}},"footnotes":""},"class_list":["post-731","page","type-page","status-publish","hentry"],"_links":{"self":[{"href":"https:\/\/www.payncharge.se\/da\/wp-json\/wp\/v2\/pages\/731","targetHints":{"allow":["GET"]}}],"collection":[{"href":"https:\/\/www.payncharge.se\/da\/wp-json\/wp\/v2\/pages"}],"about":[{"href":"https:\/\/www.payncharge.se\/da\/wp-json\/wp\/v2\/types\/page"}],"author":[{"embeddable":true,"href":"https:\/\/www.payncharge.se\/da\/wp-json\/wp\/v2\/users\/3"}],"replies":[{"embeddable":true,"href":"https:\/\/www.payncharge.se\/da\/wp-json\/wp\/v2\/comments?post=731"}],"version-history":[{"count":4,"href":"https:\/\/www.payncharge.se\/da\/wp-json\/wp\/v2\/pages\/731\/revisions"}],"predecessor-version":[{"id":736,"href":"https:\/\/www.payncharge.se\/da\/wp-json\/wp\/v2\/pages\/731\/revisions\/736"}],"wp:attachment":[{"href":"https:\/\/www.payncharge.se\/da\/wp-json\/wp\/v2\/media?parent=731"}],"curies":[{"name":"wp","href":"https:\/\/api.w.org\/{rel}","templated":true}]}}